{"id":6193,"date":"2021-11-21T15:14:19","date_gmt":"2021-11-21T07:14:19","guid":{"rendered":"https:\/\/ecofiberpultrusion.com\/o-nas\/"},"modified":"2023-08-22T10:55:52","modified_gmt":"2023-08-22T02:55:52","slug":"o-nas","status":"publish","type":"page","link":"https:\/\/ecofiberpultrusion.com\/pl\/o-nas\/","title":{"rendered":"O nas"},"content":{"rendered":"\t\t<div data-elementor-type=\"wp-page\" data-elementor-id=\"6193\" class=\"elementor elementor-6193 elementor-1710\">\n\t\t\t\t\t\t<section class=\"elementor-section elementor-top-section elementor-element elementor-element-3447f83 elementor-section-height-min-height elementor-section-full_width elementor-section-height-default elementor-section-items-middle\" data-id=\"3447f83\" data-element_type=\"section\" data-settings=\"{&quot;background_background&quot;:&quot;classic&quot;}\">\n\t\t\t\t\t\t<div class=\"elementor-container elementor-column-gap-default\">\n\t\t\t\t\t<div class=\"elementor-column elementor-col-100 elementor-top-column elementor-element elementor-element-b3a35f8\" data-id=\"b3a35f8\" data-element_type=\"column\">\n\t\t\t<div class=\"elementor-widget-wrap elementor-element-populated\">\n\t\t\t\t\t\t<div class=\"elementor-element elementor-element-32eb271 elementor-widget elementor-widget-heading\" data-id=\"32eb271\" data-element_type=\"widget\" data-widget_type=\"heading.default\">\n\t\t\t\t<div class=\"elementor-widget-container\">\n\t\t\t\t\t<h1 class=\"elementor-heading-title elementor-size-default\">ecoFIBER PULTRUSION PRODUCTS<\/h1>\t\t\t\t<\/div>\n\t\t\t\t<\/div>\n\t\t\t\t\t<\/div>\n\t\t<\/div>\n\t\t\t\t\t<\/div>\n\t\t<\/section>\n\t\t<div class=\"elementor-element elementor-element-8e1cfdc e-flex e-con-boxed e-con e-parent\" data-id=\"8e1cfdc\" data-element_type=\"container\">\n\t\t\t\t\t<div class=\"e-con-inner\">\n\t\t\t\t<div class=\"elementor-element elementor-element-519e5df elementor-widget elementor-widget-heading\" data-id=\"519e5df\" data-element_type=\"widget\" data-widget_type=\"heading.default\">\n\t\t\t\t<div class=\"elementor-widget-container\">\n\t\t\t\t\t<h2 class=\"elementor-heading-title elementor-size-default\">O NAS<\/h2>\t\t\t\t<\/div>\n\t\t\t\t<\/div>\n\t\t\t\t\t<\/div>\n\t\t\t\t<\/div>\n\t\t\t\t<section class=\"elementor-section elementor-top-section elementor-element elementor-element-460970c elementor-section-boxed elementor-section-height-default elementor-section-height-default\" data-id=\"460970c\" data-element_type=\"section\">\n\t\t\t\t\t\t<div class=\"elementor-container elementor-column-gap-default\">\n\t\t\t\t\t<div class=\"elementor-column elementor-col-50 elementor-top-column elementor-element elementor-element-21f68a6\" data-id=\"21f68a6\" data-element_type=\"column\">\n\t\t\t<div class=\"elementor-widget-wrap elementor-element-populated\">\n\t\t\t\t\t\t<div class=\"elementor-element elementor-element-670e6d2 elementor-widget elementor-widget-image\" data-id=\"670e6d2\" data-element_type=\"widget\" data-widget_type=\"image.default\">\n\t\t\t\t<div class=\"elementor-widget-container\">\n\t\t\t\t\t\t\t\t\t\t\t\t\t\t\t<img fetchpriority=\"high\" decoding=\"async\" width=\"600\" height=\"450\" src=\"https:\/\/ecofiberpultrusion.com\/wp-content\/uploads\/2023\/08\/about-us-company.jpg\" class=\"attachment-large size-large wp-image-2605\" alt=\"\" srcset=\"https:\/\/ecofiberpultrusion.com\/wp-content\/uploads\/2023\/08\/about-us-company.jpg 600w, https:\/\/ecofiberpultrusion.com\/wp-content\/uploads\/2023\/08\/about-us-company-300x225.jpg 300w\" sizes=\"(max-width: 600px) 100vw, 600px\" \/>\t\t\t\t\t\t\t\t\t\t\t\t\t\t\t<\/div>\n\t\t\t\t<\/div>\n\t\t\t\t\t<\/div>\n\t\t<\/div>\n\t\t\t\t<div class=\"elementor-column elementor-col-50 elementor-top-column elementor-element elementor-element-bc42c60\" data-id=\"bc42c60\" data-element_type=\"column\">\n\t\t\t<div class=\"elementor-widget-wrap elementor-element-populated\">\n\t\t\t\t\t\t<div class=\"elementor-element elementor-element-0073403 elementor-widget elementor-widget-heading\" data-id=\"0073403\" data-element_type=\"widget\" data-widget_type=\"heading.default\">\n\t\t\t\t<div class=\"elementor-widget-container\">\n\t\t\t\t\t<h1 class=\"elementor-heading-title elementor-size-default\">Historia<\/h1>\t\t\t\t<\/div>\n\t\t\t\t<\/div>\n\t\t\t\t<div class=\"elementor-element elementor-element-60241e2 elementor-drop-cap-yes elementor-drop-cap-view-default elementor-widget elementor-widget-text-editor\" data-id=\"60241e2\" data-element_type=\"widget\" data-settings=\"{&quot;drop_cap&quot;:&quot;yes&quot;}\" data-widget_type=\"text-editor.default\">\n\t\t\t\t<div class=\"elementor-widget-container\">\n\t\t\t\t\t\t\t\t\t<p>W 2000 roku pan Liu, za\u0142o\u017cyciel firmy EcoFiber Pultrusion Products, do\u0142\u0105czy\u0142 do instytutu badawczego materia\u0142\u00f3w kompozytowych z w\u0142\u00f3kna szklanego w Nanjing w Chinach. Wiosn\u0105 2006 roku pan Liu opu\u015bci\u0142 instytut badawczy. Wkr\u00f3tce potem, chc\u0105c wykorzysta\u0107 swoj\u0105 wiedz\u0119 i bogate do\u015bwiadczenie do dostarczania ludziom naprawd\u0119 wysokiej jako\u015bci i niedrogich produkt\u00f3w FRP, zdecydowa\u0142 si\u0119 za\u0142o\u017cy\u0107 w\u0142asn\u0105 firm\u0119, specjalizuj\u0105c\u0105 si\u0119 w produkcji materia\u0142\u00f3w kompozytowych z w\u0142\u00f3kna szklanego i w\u0142\u00f3kna w\u0119glowego .<\/p>\n\t\t\t\t\t\t\t\t<\/div>\n\t\t\t\t<\/div>\n\t\t\t\t\t<\/div>\n\t\t<\/div>\n\t\t\t\t\t<\/div>\n\t\t<\/section>\n\t\t<div class=\"elementor-element elementor-element-b8ca6c2 e-flex e-con-boxed e-con e-parent\" data-id=\"b8ca6c2\" data-element_type=\"container\">\n\t\t\t\t\t<div class=\"e-con-inner\">\n\t\t<div class=\"elementor-element elementor-element-bb32175 e-con-full e-flex e-con e-parent\" data-id=\"bb32175\" data-element_type=\"container\">\n\t\t\t\t<div class=\"elementor-element elementor-element-004f869 elementor-widget elementor-widget-text-editor\" data-id=\"004f869\" data-element_type=\"widget\" data-widget_type=\"text-editor.default\">\n\t\t\t\t<div class=\"elementor-widget-container\">\n\t\t\t\t\t\t\t\t\t<p>Po wielu latach rozwoju, dzia\u0142alno\u015b\u0107 firmy Pana Liu staje si\u0119 coraz wi\u0119ksza, a firma stale si\u0119 rozwija i rozwija. W 2013 roku firma pana Liu rozpocz\u0119\u0142a dzia\u0142alno\u015b\u0107 eksportow\u0105. Dzi\u0119ki doskona\u0142ym produktom, uczciwym cenom oraz uczciwej i godnej zaufania filozofii biznesowej nasze produkty s\u0105 sprzedawane na ca\u0142ym \u015bwiecie. W 2015 roku przenie\u015bli\u015bmy si\u0119 do nowej fabryki. Od tego czasu nasze mo\u017cliwo\u015bci produkcyjne zosta\u0142y znacznie wzmocnione, a jednocze\u015bnie skala naszej dzia\u0142alno\u015bci stale si\u0119 zwi\u0119ksza.<\/p>\n\t\t\t\t\t\t\t\t<\/div>\n\t\t\t\t<\/div>\n\t\t\t\t<\/div>\n\t\t<div class=\"elementor-element elementor-element-67bae0c e-con-full e-flex e-con e-parent\" data-id=\"67bae0c\" data-element_type=\"container\">\n\t\t\t\t<div class=\"elementor-element elementor-element-e933138 elementor-widget elementor-widget-image\" data-id=\"e933138\" data-element_type=\"widget\" data-widget_type=\"image.default\">\n\t\t\t\t<div class=\"elementor-widget-container\">\n\t\t\t\t\t\t\t\t\t\t\t\t\t\t\t<img decoding=\"async\" width=\"600\" height=\"300\" src=\"https:\/\/ecofiberpultrusion.com\/wp-content\/uploads\/2023\/08\/qtq_27.webp\" class=\"attachment-large size-large wp-image-2625\" alt=\"\" srcset=\"https:\/\/ecofiberpultrusion.com\/wp-content\/uploads\/2023\/08\/qtq_27.webp 600w, https:\/\/ecofiberpultrusion.com\/wp-content\/uploads\/2023\/08\/qtq_27-300x150.webp 300w\" sizes=\"(max-width: 600px) 100vw, 600px\" \/>\t\t\t\t\t\t\t\t\t\t\t\t\t\t\t<\/div>\n\t\t\t\t<\/div>\n\t\t\t\t<\/div>\n\t\t\t\t\t<\/div>\n\t\t\t\t<\/div>\n\t\t<div class=\"elementor-element elementor-element-642cbe9 e-flex e-con-boxed e-con e-parent\" data-id=\"642cbe9\" data-element_type=\"container\">\n\t\t\t\t\t<div class=\"e-con-inner\">\n\t\t<div class=\"elementor-element elementor-element-03c4190 e-con-full e-flex e-con e-parent\" data-id=\"03c4190\" data-element_type=\"container\">\n\t\t\t\t<div class=\"elementor-element elementor-element-5c86a00 elementor-widget elementor-widget-image\" data-id=\"5c86a00\" data-element_type=\"widget\" data-widget_type=\"image.default\">\n\t\t\t\t<div class=\"elementor-widget-container\">\n\t\t\t\t\t\t\t\t\t\t\t\t\t\t\t<img decoding=\"async\" width=\"768\" height=\"597\" src=\"https:\/\/ecofiberpultrusion.com\/wp-content\/uploads\/2023\/08\/About-US-5-768x597.jpg\" class=\"attachment-medium_large size-medium_large wp-image-2673\" alt=\"\" srcset=\"https:\/\/ecofiberpultrusion.com\/wp-content\/uploads\/2023\/08\/About-US-5-768x597.jpg 768w, https:\/\/ecofiberpultrusion.com\/wp-content\/uploads\/2023\/08\/About-US-5-300x233.jpg 300w, https:\/\/ecofiberpultrusion.com\/wp-content\/uploads\/2023\/08\/About-US-5.jpg 874w\" sizes=\"(max-width: 768px) 100vw, 768px\" \/>\t\t\t\t\t\t\t\t\t\t\t\t\t\t\t<\/div>\n\t\t\t\t<\/div>\n\t\t\t\t<\/div>\n\t\t<div class=\"elementor-element elementor-element-f0875b2 e-con-full e-flex e-con e-parent\" data-id=\"f0875b2\" data-element_type=\"container\">\n\t\t\t\t<div class=\"elementor-element elementor-element-c22bc1a elementor-widget elementor-widget-heading\" data-id=\"c22bc1a\" data-element_type=\"widget\" data-widget_type=\"heading.default\">\n\t\t\t\t<div class=\"elementor-widget-container\">\n\t\t\t\t\t<h2 class=\"elementor-heading-title elementor-size-default\">Teraz<\/h2>\t\t\t\t<\/div>\n\t\t\t\t<\/div>\n\t\t\t\t<div class=\"elementor-element elementor-element-2fa1d53 elementor-drop-cap-yes elementor-drop-cap-view-default elementor-widget elementor-widget-text-editor\" data-id=\"2fa1d53\" data-element_type=\"widget\" data-settings=\"{&quot;drop_cap&quot;:&quot;yes&quot;}\" data-widget_type=\"text-editor.default\">\n\t\t\t\t<div class=\"elementor-widget-container\">\n\t\t\t\t\t\t\t\t\t<p>Obecnie firma EcoFiber Pultrusion Products jest nadal w\u0142asno\u015bci\u0105 pana Liu i jego rodziny. Pan Liu, jego rodzina i personel b\u0119d\u0105 w dalszym ci\u0105gu wytwarza\u0107 produkty najwy\u017cszej jako\u015bci dla naszych klient\u00f3w na ca\u0142ym \u015bwiecie!<\/p>\n<p>Nasze g\u0142\u00f3wne produkty to:<\/p>\n<ul>\n<li><em><span style=\"color: #008000;\">Standardowe produkty z w\u0142\u00f3kna szklanego (pr\u0119ty, rury, profile itp.).<\/span><\/em><\/li>\n<li><em><span style=\"color: #008000;\">Standardowe produkty z w\u0142\u00f3kna w\u0119glowego (pr\u0119ty, rury, profile itp.).<\/span><\/em><\/li>\n<li><em><span style=\"color: #008000;\">Szk\u00f3\u0142karskie paliki z w\u0142\u00f3kna szklanego<\/span><\/em><\/li>\n<li><em><span style=\"color: #008000;\">Znaczniki \u015bniegu\/znaczniki podjazdu z w\u0142\u00f3kna szklanego.<\/span><\/em><\/li>\n<li><em><span style=\"color: #008000;\">Pa\u0142ki do draperi\u00f3w z w\u0142\u00f3kna szklanego.<\/span><\/em><\/li>\n<li><em><span style=\"color: #008000;\">S\u0142upy sortuj\u0105ce\/patyki do byd\u0142a z w\u0142\u00f3kna szklanego.<\/span><\/em><\/li>\n<li><em><span style=\"color: #008000;\">S\u0142upki ogrodzeniowe z w\u0142\u00f3kna szklanego.<\/span><\/em><\/li>\n<li><em><span style=\"color: #008000;\">Szpilki z w\u0142\u00f3kna szklanego.<\/span><\/em><\/li>\n<\/ul>\n\t\t\t\t\t\t\t\t<\/div>\n\t\t\t\t<\/div>\n\t\t\t\t<\/div>\n\t\t\t\t\t<\/div>\n\t\t\t\t<\/div>\n\t\t<div class=\"elementor-element elementor-element-3dd4116 e-con-full e-flex e-con e-parent\" data-id=\"3dd4116\" data-element_type=\"container\" data-settings=\"{&quot;background_background&quot;:&quot;slideshow&quot;,&quot;background_slideshow_gallery&quot;:[],&quot;background_slideshow_loop&quot;:&quot;yes&quot;,&quot;background_slideshow_slide_duration&quot;:5000,&quot;background_slideshow_slide_transition&quot;:&quot;fade&quot;,&quot;background_slideshow_transition_duration&quot;:500}\">\n\t\t<div class=\"elementor-element elementor-element-461c17d e-con-full e-flex e-con e-parent\" data-id=\"461c17d\" data-element_type=\"container\" data-settings=\"{&quot;background_background&quot;:&quot;slideshow&quot;,&quot;background_slideshow_gallery&quot;:[{&quot;id&quot;:2807,&quot;url&quot;:&quot;https:\\\/\\\/l8e.1d9.myftpupload.com\\\/wp-content\\\/uploads\\\/2023\\\/08\\\/email-us.jpg&quot;}],&quot;background_slideshow_loop&quot;:&quot;yes&quot;,&quot;background_slideshow_slide_duration&quot;:5000,&quot;background_slideshow_slide_transition&quot;:&quot;fade&quot;,&quot;background_slideshow_transition_duration&quot;:500}\">\n\t\t\t\t<div class=\"elementor-element elementor-element-08d921b elementor-widget elementor-widget-heading\" data-id=\"08d921b\" data-element_type=\"widget\" data-widget_type=\"heading.default\">\n\t\t\t\t<div class=\"elementor-widget-container\">\n\t\t\t\t\t<h2 class=\"elementor-heading-title elementor-size-default\">Kontakt<\/h2>\t\t\t\t<\/div>\n\t\t\t\t<\/div>\n\t\t\t\t<div class=\"elementor-element elementor-element-010c3a9 elementor-widget elementor-widget-heading\" data-id=\"010c3a9\" data-element_type=\"widget\" data-widget_type=\"heading.default\">\n\t\t\t\t<div class=\"elementor-widget-container\">\n\t\t\t\t\t<h2 class=\"elementor-heading-title elementor-size-default\">Wszelkie pytania, skontaktuj si\u0119 z nami. Zawsze jeste\u015bmy otwarci, aby Ci pom\u00f3c i da\u0107 Ci nasze najlepsze produkty.<\/h2>\t\t\t\t<\/div>\n\t\t\t\t<\/div>\n\t\t\t\t<div class=\"elementor-element elementor-element-ac77274 elementor-align-center elementor-widget elementor-widget-button\" data-id=\"ac77274\" data-element_type=\"widget\" data-widget_type=\"button.default\">\n\t\t\t\t<div class=\"elementor-widget-container\">\n\t\t\t\t\t\t\t\t\t<div class=\"elementor-button-wrapper\">\n\t\t\t\t\t<a class=\"elementor-button elementor-button-link elementor-size-sm\" href=\"mailto:sales@ecofiberpultrusion.com\">\n\t\t\t\t\t\t<span class=\"elementor-button-content-wrapper\">\n\t\t\t\t\t\t\t\t\t<span class=\"elementor-button-text\">Email<\/span>\n\t\t\t\t\t<\/span>\n\t\t\t\t\t<\/a>\n\t\t\t\t<\/div>\n\t\t\t\t\t\t\t\t<\/div>\n\t\t\t\t<\/div>\n\t\t\t\t<\/div>\n\t\t\t\t<\/div>\n\t\t\t\t<\/div>\n\t\t","protected":false},"excerpt":{"rendered":"<p>ecoFIBER PULTRUSION PRODUCTS O NAS Historia W 2000 roku pan Liu, za\u0142o\u017cyciel firmy EcoFiber Pultrusion Products, do\u0142\u0105czy\u0142 do instytutu badawczego materia\u0142\u00f3w kompozytowych z w\u0142\u00f3kna szklanego w Nanjing w Chinach. Wiosn\u0105 2006 roku pan Liu opu\u015bci\u0142 instytut badawczy. Wkr\u00f3tce potem, chc\u0105c wykorzysta\u0107 swoj\u0105 wiedz\u0119 i bogate do\u015bwiadczenie do dostarczania ludziom naprawd\u0119 wysokiej jako\u015bci i niedrogich produkt\u00f3w [&hellip;]<\/p>\n","protected":false},"author":1,"featured_media":0,"parent":0,"menu_order":0,"comment_status":"closed","ping_status":"closed","template":"","meta":{"_coblocks_attr":"","_coblocks_dimensions":"","_coblocks_responsive_height":"","_coblocks_accordion_ie_support":"","site-sidebar-layout":"no-sidebar","site-content-layout":"page-builder","ast-site-content-layout":"","site-content-style":"default","site-sidebar-style":"default","ast-global-header-display":"","ast-banner-title-visibility":"","ast-main-header-display":"","ast-hfb-above-header-display":"","ast-hfb-below-header-display":"","ast-hfb-mobile-header-display":"","site-post-title":"disabled","ast-breadcrumbs-content":"","ast-featured-img":"disabled","footer-sml-layout":"","theme-transparent-header-meta":"enabled","adv-header-id-meta":"","stick-header-meta":"","header-above-stick-meta":"","header-main-stick-meta":"","header-below-stick-meta":"","astra-migrate-meta-layouts":"default","ast-page-background-enabled":"default","ast-page-background-meta":{"desktop":{"background-color":"var(--ast-global-color-4)","background-image":"","background-repeat":"repeat","background-position":"center center","background-size":"auto","background-attachment":"scroll","background-type":"","background-media":"","overlay-type":"","overlay-color":"","overlay-opacity":"","overlay-gradient":""},"tablet":{"background-color":"","background-image":"","background-repeat":"repeat","background-position":"center center","background-size":"auto","background-attachment":"scroll","background-type":"","background-media":"","overlay-type":"","overlay-color":"","overlay-opacity":"","overlay-gradient":""},"mobile":{"background-color":"","background-image":"","background-repeat":"repeat","background-position":"center center","background-size":"auto","background-attachment":"scroll","background-type":"","background-media":"","overlay-type":"","overlay-color":"","overlay-opacity":"","overlay-gradient":""}},"ast-content-background-meta":{"desktop":{"background-color":"var(--ast-global-color-5)","background-image":"","background-repeat":"repeat","background-position":"center center","background-size":"auto","background-attachment":"scroll","background-type":"","background-media":"","overlay-type":"","overlay-color":"","overlay-opacity":"","overlay-gradient":""},"tablet":{"background-color":"var(--ast-global-color-5)","background-image":"","background-repeat":"repeat","background-position":"center center","background-size":"auto","background-attachment":"scroll","background-type":"","background-media":"","overlay-type":"","overlay-color":"","overlay-opacity":"","overlay-gradient":""},"mobile":{"background-color":"var(--ast-global-color-5)","background-image":"","background-repeat":"repeat","background-position":"center center","background-size":"auto","background-attachment":"scroll","background-type":"","background-media":"","overlay-type":"","overlay-color":"","overlay-opacity":"","overlay-gradient":""}},"footnotes":""},"class_list":["post-6193","page","type-page","status-publish","hentry"],"yoast_head":"<!-- This site is optimized with the Yoast SEO plugin v21.5 - https:\/\/yoast.com\/wordpress\/plugins\/seo\/ -->\n<title>O nas - EcoFiber Pultrusion Products<\/title>\n<meta name=\"robots\" content=\"index, follow, max-snippet:-1, max-image-preview:large, max-video-preview:-1\" \/>\n<link rel=\"canonical\" href=\"https:\/\/ecofiberpultrusion.com\/about\/\" \/>\n<meta property=\"og:locale\" content=\"pl_PL\" \/>\n<meta property=\"og:type\" content=\"article\" \/>\n<meta property=\"og:title\" content=\"O nas - EcoFiber Pultrusion Products\" \/>\n<meta property=\"og:description\" content=\"ecoFIBER PULTRUSION PRODUCTS O NAS Historia W 2000 roku pan Liu, za\u0142o\u017cyciel firmy EcoFiber Pultrusion Products, do\u0142\u0105czy\u0142 do instytutu badawczego materia\u0142\u00f3w kompozytowych z w\u0142\u00f3kna szklanego w Nanjing w Chinach. Wiosn\u0105 2006 roku pan Liu opu\u015bci\u0142 instytut badawczy. Wkr\u00f3tce potem, chc\u0105c wykorzysta\u0107 swoj\u0105 wiedz\u0119 i bogate do\u015bwiadczenie do dostarczania ludziom naprawd\u0119 wysokiej jako\u015bci i niedrogich produkt\u00f3w [&hellip;]\" \/>\n<meta property=\"og:url\" content=\"https:\/\/ecofiberpultrusion.com\/about\/\" \/>\n<meta property=\"og:site_name\" content=\"EcoFiber Pultrusion Products\" \/>\n<meta property=\"article:modified_time\" content=\"2023-08-22T02:55:52+00:00\" \/>\n<meta property=\"og:image\" content=\"https:\/\/ecofiberpultrusion.com\/wp-content\/uploads\/2023\/08\/about-us-company.jpg\" \/>\n<meta name=\"twitter:card\" content=\"summary_large_image\" \/>\n<meta name=\"twitter:label1\" content=\"Szacowany czas czytania\" \/>\n\t<meta name=\"twitter:data1\" content=\"2 minuty\" \/>\n<script type=\"application\/ld+json\" class=\"yoast-schema-graph\">{\"@context\":\"https:\/\/schema.org\",\"@graph\":[{\"@type\":\"WebPage\",\"@id\":\"https:\/\/ecofiberpultrusion.com\/about\/\",\"url\":\"https:\/\/ecofiberpultrusion.com\/about\/\",\"name\":\"O nas - EcoFiber Pultrusion Products\",\"isPartOf\":{\"@id\":\"https:\/\/ecofiberpultrusion.com\/#website\"},\"datePublished\":\"2021-11-21T07:14:19+00:00\",\"dateModified\":\"2023-08-22T02:55:52+00:00\",\"breadcrumb\":{\"@id\":\"https:\/\/ecofiberpultrusion.com\/about\/#breadcrumb\"},\"inLanguage\":\"pl-PL\",\"potentialAction\":[{\"@type\":\"ReadAction\",\"target\":[\"https:\/\/ecofiberpultrusion.com\/about\/\"]}]},{\"@type\":\"BreadcrumbList\",\"@id\":\"https:\/\/ecofiberpultrusion.com\/about\/#breadcrumb\",\"itemListElement\":[{\"@type\":\"ListItem\",\"position\":1,\"name\":\"Home\",\"item\":\"https:\/\/ecofiberpultrusion.com\/\"},{\"@type\":\"ListItem\",\"position\":2,\"name\":\"O nas\"}]},{\"@type\":\"WebSite\",\"@id\":\"https:\/\/ecofiberpultrusion.com\/#website\",\"url\":\"https:\/\/ecofiberpultrusion.com\/\",\"name\":\"EcoFiber Pultrusion Products\",\"description\":\"A professional fiberglass and carbon fiber products manufacturer\",\"publisher\":{\"@id\":\"https:\/\/ecofiberpultrusion.com\/#organization\"},\"potentialAction\":[{\"@type\":\"SearchAction\",\"target\":{\"@type\":\"EntryPoint\",\"urlTemplate\":\"https:\/\/ecofiberpultrusion.com\/?s={search_term_string}\"},\"query-input\":\"required name=search_term_string\"}],\"inLanguage\":\"pl-PL\"},{\"@type\":\"Organization\",\"@id\":\"https:\/\/ecofiberpultrusion.com\/#organization\",\"name\":\"EcoFiber Pultrusion Products\",\"url\":\"https:\/\/ecofiberpultrusion.com\/\",\"logo\":{\"@type\":\"ImageObject\",\"inLanguage\":\"pl-PL\",\"@id\":\"https:\/\/ecofiberpultrusion.com\/#\/schema\/logo\/image\/\",\"url\":\"https:\/\/ecofiberpultrusion.com\/wp-content\/uploads\/2023\/08\/cropped-logo-middle.png\",\"contentUrl\":\"https:\/\/ecofiberpultrusion.com\/wp-content\/uploads\/2023\/08\/cropped-logo-middle.png\",\"width\":373,\"height\":115,\"caption\":\"EcoFiber Pultrusion Products\"},\"image\":{\"@id\":\"https:\/\/ecofiberpultrusion.com\/#\/schema\/logo\/image\/\"}}]}<\/script>\n<!-- \/ Yoast SEO plugin. -->","yoast_head_json":{"title":"O nas - EcoFiber Pultrusion Products","robots":{"index":"index","follow":"follow","max-snippet":"max-snippet:-1","max-image-preview":"max-image-preview:large","max-video-preview":"max-video-preview:-1"},"canonical":"https:\/\/ecofiberpultrusion.com\/about\/","og_locale":"pl_PL","og_type":"article","og_title":"O nas - EcoFiber Pultrusion Products","og_description":"ecoFIBER PULTRUSION PRODUCTS O NAS Historia W 2000 roku pan Liu, za\u0142o\u017cyciel firmy EcoFiber Pultrusion Products, do\u0142\u0105czy\u0142 do instytutu badawczego materia\u0142\u00f3w kompozytowych z w\u0142\u00f3kna szklanego w Nanjing w Chinach. Wiosn\u0105 2006 roku pan Liu opu\u015bci\u0142 instytut badawczy. Wkr\u00f3tce potem, chc\u0105c wykorzysta\u0107 swoj\u0105 wiedz\u0119 i bogate do\u015bwiadczenie do dostarczania ludziom naprawd\u0119 wysokiej jako\u015bci i niedrogich produkt\u00f3w [&hellip;]","og_url":"https:\/\/ecofiberpultrusion.com\/about\/","og_site_name":"EcoFiber Pultrusion Products","article_modified_time":"2023-08-22T02:55:52+00:00","og_image":[{"url":"https:\/\/ecofiberpultrusion.com\/wp-content\/uploads\/2023\/08\/about-us-company.jpg"}],"twitter_card":"summary_large_image","twitter_misc":{"Szacowany czas czytania":"2 minuty"},"schema":{"@context":"https:\/\/schema.org","@graph":[{"@type":"WebPage","@id":"https:\/\/ecofiberpultrusion.com\/about\/","url":"https:\/\/ecofiberpultrusion.com\/about\/","name":"O nas - EcoFiber Pultrusion Products","isPartOf":{"@id":"https:\/\/ecofiberpultrusion.com\/#website"},"datePublished":"2021-11-21T07:14:19+00:00","dateModified":"2023-08-22T02:55:52+00:00","breadcrumb":{"@id":"https:\/\/ecofiberpultrusion.com\/about\/#breadcrumb"},"inLanguage":"pl-PL","potentialAction":[{"@type":"ReadAction","target":["https:\/\/ecofiberpultrusion.com\/about\/"]}]},{"@type":"BreadcrumbList","@id":"https:\/\/ecofiberpultrusion.com\/about\/#breadcrumb","itemListElement":[{"@type":"ListItem","position":1,"name":"Home","item":"https:\/\/ecofiberpultrusion.com\/"},{"@type":"ListItem","position":2,"name":"O nas"}]},{"@type":"WebSite","@id":"https:\/\/ecofiberpultrusion.com\/#website","url":"https:\/\/ecofiberpultrusion.com\/","name":"EcoFiber Pultrusion Products","description":"A professional fiberglass and carbon fiber products manufacturer","publisher":{"@id":"https:\/\/ecofiberpultrusion.com\/#organization"},"potentialAction":[{"@type":"SearchAction","target":{"@type":"EntryPoint","urlTemplate":"https:\/\/ecofiberpultrusion.com\/?s={search_term_string}"},"query-input":"required name=search_term_string"}],"inLanguage":"pl-PL"},{"@type":"Organization","@id":"https:\/\/ecofiberpultrusion.com\/#organization","name":"EcoFiber Pultrusion Products","url":"https:\/\/ecofiberpultrusion.com\/","logo":{"@type":"ImageObject","inLanguage":"pl-PL","@id":"https:\/\/ecofiberpultrusion.com\/#\/schema\/logo\/image\/","url":"https:\/\/ecofiberpultrusion.com\/wp-content\/uploads\/2023\/08\/cropped-logo-middle.png","contentUrl":"https:\/\/ecofiberpultrusion.com\/wp-content\/uploads\/2023\/08\/cropped-logo-middle.png","width":373,"height":115,"caption":"EcoFiber Pultrusion Products"},"image":{"@id":"https:\/\/ecofiberpultrusion.com\/#\/schema\/logo\/image\/"}}]}},"_links":{"self":[{"href":"https:\/\/ecofiberpultrusion.com\/pl\/wp-json\/wp\/v2\/pages\/6193","targetHints":{"allow":["GET"]}}],"collection":[{"href":"https:\/\/ecofiberpultrusion.com\/pl\/wp-json\/wp\/v2\/pages"}],"about":[{"href":"https:\/\/ecofiberpultrusion.com\/pl\/wp-json\/wp\/v2\/types\/page"}],"author":[{"embeddable":true,"href":"https:\/\/ecofiberpultrusion.com\/pl\/wp-json\/wp\/v2\/users\/1"}],"replies":[{"embeddable":true,"href":"https:\/\/ecofiberpultrusion.com\/pl\/wp-json\/wp\/v2\/comments?post=6193"}],"version-history":[{"count":1,"href":"https:\/\/ecofiberpultrusion.com\/pl\/wp-json\/wp\/v2\/pages\/6193\/revisions"}],"predecessor-version":[{"id":6194,"href":"https:\/\/ecofiberpultrusion.com\/pl\/wp-json\/wp\/v2\/pages\/6193\/revisions\/6194"}],"wp:attachment":[{"href":"https:\/\/ecofiberpultrusion.com\/pl\/wp-json\/wp\/v2\/media?parent=6193"}],"curies":[{"name":"wp","href":"https:\/\/api.w.org\/{rel}","templated":true}]}}